{"id":11,"date":"2015-03-07T17:48:12","date_gmt":"2015-03-07T17:48:12","guid":{"rendered":"http:\/\/rexcomservices.es\/?page_id=11"},"modified":"2022-04-01T13:56:33","modified_gmt":"2022-04-01T13:56:33","slug":"quienes-somos","status":"publish","type":"page","link":"https:\/\/rexcomservices.es\/?page_id=11","title":{"rendered":"Quienes Somos"},"content":{"rendered":"<blockquote><p><em><strong>Equipo<\/strong><\/em><\/p><\/blockquote>\n<p>Nuestro equipo esta conformado por profesionales altamente cualificados en su respectiva \u00e1rea de trabajo, asegurando con su experiencia el m\u00e1ximo y \u00f3ptimo resultado de su trabajo.<\/p>\n","protected":false},"excerpt":{"rendered":"<p>Equipo Nuestro equipo esta conformado por profesionales altamente cualificados en su respectiva \u00e1rea de trabajo, asegurando con su experiencia el m\u00e1ximo y \u00f3ptimo resultado de su trabajo.<\/p>\n","protected":false},"author":1,"featured_media":0,"parent":0,"menu_order":0,"comment_status":"closed","ping_status":"closed","template":"","meta":{"footnotes":""},"class_list":{"0":"post-11","1":"page","2":"type-page","3":"status-publish","5":"odd","6":"czr-hentry"},"_links":{"self":[{"href":"https:\/\/rexcomservices.es\/index.php?rest_route=\/wp\/v2\/pages\/11","targetHints":{"allow":["GET"]}}],"collection":[{"href":"https:\/\/rexcomservices.es\/index.php?rest_route=\/wp\/v2\/pages"}],"about":[{"href":"https:\/\/rexcomservices.es\/index.php?rest_route=\/wp\/v2\/types\/page"}],"author":[{"embeddable":true,"href":"https:\/\/rexcomservices.es\/index.php?rest_route=\/wp\/v2\/users\/1"}],"replies":[{"embeddable":true,"href":"https:\/\/rexcomservices.es\/index.php?rest_route=%2Fwp%2Fv2%2Fcomments&post=11"}],"version-history":[{"count":5,"href":"https:\/\/rexcomservices.es\/index.php?rest_route=\/wp\/v2\/pages\/11\/revisions"}],"predecessor-version":[{"id":68,"href":"https:\/\/rexcomservices.es\/index.php?rest_route=\/wp\/v2\/pages\/11\/revisions\/68"}],"wp:attachment":[{"href":"https:\/\/rexcomservices.es\/index.php?rest_route=%2Fwp%2Fv2%2Fmedia&parent=11"}],"curies":[{"name":"wp","href":"https:\/\/api.w.org\/{rel}","templated":true}]}}