{"id":15,"date":"2015-03-07T17:49:35","date_gmt":"2015-03-07T17:49:35","guid":{"rendered":"http:\/\/rexcomservices.es\/?page_id=15"},"modified":"2015-03-18T19:36:05","modified_gmt":"2015-03-18T19:36:05","slug":"servicios","status":"publish","type":"page","link":"https:\/\/rexcomservices.es\/?page_id=15","title":{"rendered":"Servicios"},"content":{"rendered":"<h3>Entre otros muchos servicios destinados a su empresa Rexcom Services Arag\u00f3n S.L\u00a0 le ofrece:<\/h3>\n<blockquote><p>\u00a0-Compra venta de veh\u00edculos nacional e internacional multimarca (nuevos, ocasi\u00f3n, Flotas\u2026)<\/p>\n<p>-Consultor\u00eda seguridad vial. Rexcom vial<\/p>\n<p>-Consultora de formaci\u00f3n<\/p>\n<p>-Despacho de ingenier\u00eda y arquitectura<\/p>\n<p>-Servicios inform\u00e1ticos, (instalaci\u00f3n, mantenimiento, redes, desarrollo de aplicaciones, venta de equipos\u2026)<\/p>\n<p>-Gesti\u00f3n de recintos deportivos (Profesorado, administraci\u00f3n, material t\u00e9cnico, limpieza\u2026)<\/p>\n<p>-Servicio de reprograf\u00eda (Material de oficina , impresi\u00f3n de proyectos, planos\u2026)<\/p>\n<p>-Productora de v\u00eddeo (comercial, anuncios, videoclips&#8230;).<\/p>\n<p>-Consultora inmobiliaria de grandes cuentas nacional o extranjera. Disponemos de varias fincas e inmuebles en venta tanto en Espa\u00f1a como en el Extranjero algunas en exclusividad muy interesantes para grupos inversores<\/p>\n<p>-Servicios logisticos<\/p><\/blockquote>\n<h4 style=\"text-align: center;\">Nos encargamos de cualquier servicio o material que necesite su empresa u organismo publico<\/h4>\n<p><img loading=\"lazy\" decoding=\"async\" class=\"alignnone size-medium wp-image-43 aligncenter\" src=\"https:\/\/rexcomservices.es\/wp-content\/uploads\/2015\/03\/assistenzaONJOB-300x219.png\" alt=\"assistenzaONJOB\" width=\"300\" height=\"219\" srcset=\"https:\/\/rexcomservices.es\/wp-content\/uploads\/2015\/03\/assistenzaONJOB-300x219.png 300w, https:\/\/rexcomservices.es\/wp-content\/uploads\/2015\/03\/assistenzaONJOB.png 350w\" sizes=\"auto, (max-width: 300px) 100vw, 300px\" \/><\/p>\n","protected":false},"excerpt":{"rendered":"<p>Entre otros muchos servicios destinados a su empresa Rexcom Services Arag\u00f3n S.L\u00a0 le ofrece: \u00a0-Compra venta de veh\u00edculos nacional e internacional multimarca (nuevos, ocasi\u00f3n, Flotas\u2026) -Consultor\u00eda seguridad vial. Rexcom vial -Consultora de formaci\u00f3n -Despacho de ingenier\u00eda y arquitectura -Servicios inform\u00e1ticos, (instalaci\u00f3n, mantenimiento, redes, desarrollo de aplicaciones, venta de equipos\u2026) -Gesti\u00f3n de recintos deportivos (Profesorado, administraci\u00f3n, [&hellip;]<\/p>\n","protected":false},"author":1,"featured_media":43,"parent":0,"menu_order":0,"comment_status":"closed","ping_status":"closed","template":"","meta":{"footnotes":""},"class_list":{"0":"post-15","1":"page","2":"type-page","3":"status-publish","4":"has-post-thumbnail","6":"odd","7":"czr-hentry"},"_links":{"self":[{"href":"https:\/\/rexcomservices.es\/index.php?rest_route=\/wp\/v2\/pages\/15","targetHints":{"allow":["GET"]}}],"collection":[{"href":"https:\/\/rexcomservices.es\/index.php?rest_route=\/wp\/v2\/pages"}],"about":[{"href":"https:\/\/rexcomservices.es\/index.php?rest_route=\/wp\/v2\/types\/page"}],"author":[{"embeddable":true,"href":"https:\/\/rexcomservices.es\/index.php?rest_route=\/wp\/v2\/users\/1"}],"replies":[{"embeddable":true,"href":"https:\/\/rexcomservices.es\/index.php?rest_route=%2Fwp%2Fv2%2Fcomments&post=15"}],"version-history":[{"count":8,"href":"https:\/\/rexcomservices.es\/index.php?rest_route=\/wp\/v2\/pages\/15\/revisions"}],"predecessor-version":[{"id":57,"href":"https:\/\/rexcomservices.es\/index.php?rest_route=\/wp\/v2\/pages\/15\/revisions\/57"}],"wp:featuredmedia":[{"embeddable":true,"href":"https:\/\/rexcomservices.es\/index.php?rest_route=\/wp\/v2\/media\/43"}],"wp:attachment":[{"href":"https:\/\/rexcomservices.es\/index.php?rest_route=%2Fwp%2Fv2%2Fmedia&parent=15"}],"curies":[{"name":"wp","href":"https:\/\/api.w.org\/{rel}","templated":true}]}}